{"id":14,"date":"2024-02-28T23:15:55","date_gmt":"2024-02-28T23:15:55","guid":{"rendered":"https:\/\/mavecolombia.com\/?page_id=14"},"modified":"2024-04-09T18:58:16","modified_gmt":"2024-04-09T18:58:16","slug":"nosotros","status":"publish","type":"page","link":"https:\/\/mavecolombia.com\/index.php\/nosotros\/","title":{"rendered":"Nosotros"},"content":{"rendered":"\n[et_pb_section fb_built=&#8221;1&#8243; inner_shadow=&#8221;on&#8221; admin_label=&#8221;About&#8221; _builder_version=&#8221;4.24.2&#8243; _module_preset=&#8221;default&#8221; background_color=&#8221;rgba(12,113,195,0.12)&#8221; background_enable_image=&#8221;off&#8221; background_blend=&#8221;luminosity&#8221; collapsed=&#8221;on&#8221; global_colors_info=&#8221;{}&#8221;][et_pb_row _builder_version=&#8221;4.24.2&#8243; _module_preset=&#8221;default&#8221; max_width=&#8221;880px&#8221; hover_enabled=&#8221;0&#8243; global_colors_info=&#8221;{}&#8221; sticky_enabled=&#8221;0&#8243;][et_pb_column type=&#8221;4_4&#8243; _builder_version=&#8221;4.24.2&#8243; _module_preset=&#8221;default&#8221; global_colors_info=&#8221;{}&#8221;][et_pb_image src=&#8221;https:\/\/mavecolombia.com\/wp-content\/uploads\/2024\/02\/WhatsApp-Image-2024-02-28-at-19.41.03.jpeg&#8221; title_text=&#8221;WhatsApp Image 2024-02-28 at 19.41.03&#8243; align=&#8221;center&#8221; _builder_version=&#8221;4.24.2&#8243; _module_preset=&#8221;default&#8221; max_height=&#8221;120px&#8221; custom_margin=&#8221;||23px|||&#8221; custom_padding=&#8221;|0px||||&#8221; border_radii=&#8221;on|500px|500px|500px|500px&#8221; locked=&#8221;off&#8221; global_colors_info=&#8221;{}&#8221;][\/et_pb_image][et_pb_text _builder_version=&#8221;4.22.1&#8243; _module_preset=&#8221;4c88e2dc-af74-4bbe-9406-a2cf052df23e&#8221; text_orientation=&#8221;center&#8221; custom_margin=&#8221;||10px||false|false&#8221; custom_margin_last_edited=&#8221;off|tablet&#8221; global_colors_info=&#8221;{}&#8221;]<h2><strong>Sobre nosotros<\/strong><\/h2>[\/et_pb_text][et_pb_text _builder_version=&#8221;4.22.1&#8243; _module_preset=&#8221;4c88e2dc-af74-4bbe-9406-a2cf052df23e&#8221; text_orientation=&#8221;center&#8221; custom_margin=&#8221;||10px||false|false&#8221; custom_margin_last_edited=&#8221;off|tablet&#8221; global_colors_info=&#8221;{}&#8221;][\/et_pb_text][et_pb_text _builder_version=&#8221;4.24.2&#8243; _module_preset=&#8221;e59a2355-80be-44c9-afee-aa053692056b&#8221; text_orientation=&#8221;center&#8221; inline_fonts=&#8221;Antic Slab&#8221; global_colors_info=&#8221;{}&#8221;]<p style=\"text-align: justify;\"><span style=\"color: #0a0a0a; font-family: inherit; font-weight: normal;\"><b>Fundada en 1998, con el prop\u00f3sito de brindar servicios integrales de alta calidad a toda instituci\u00f3n nacional involucrada con la instrumentaci\u00f3n anal\u00edtica en laboratorios, el control de procesos y el desarrollo investigativo. MAVE nace con la finalidad de impulsar la investigaci\u00f3n y desarrollo del pa\u00eds en diversas industrias, institutos, laboratorios y universidades a trav\u00e9s del aprovisionamiento de equipos e instrumentos de alta tecnolog\u00eda y el servicio de alta calidad en asesor\u00eda y capacitaci\u00f3n.<\/b><\/span><\/p>\n<p style=\"text-align: justify;\"><span style=\"color: #0a0a0a; font-family: inherit; font-weight: normal;\"><b>\u00a0<\/b><\/span><span style=\"color: #0a0a0a; font-family: inherit; font-weight: normal;\"><b>Nuestros servicios incluyen la asesor\u00eda pre-venta en diversas \u00e1reas de la ciencia y la industria, el acompa\u00f1amiento en la adquisici\u00f3n de instrumental y equipos, la instalaci\u00f3n de equipos y capacitaci\u00f3n del personal, el soporte t\u00e9cnico para el desarrollo de m\u00e9todos anal\u00edticos, la calificaci\u00f3n y certificaci\u00f3n de instrumentos con patrones trazables y el servicio t\u00e9cnico en mantenimiento preventivo-correctivo de alta calidad. Ofrecemos variedad de soluciones apoyados en las mejores marcas del mercado.<\/b><\/span><\/p>\n<p style=\"text-align: justify;\"><span style=\"color: #0a0a0a; font-family: inherit; font-weight: normal;\"><b>MAVE es representante exclusivo de la marca GBC Scientific en Colombia<\/b><\/span><\/p>\n<p style=\"text-align: justify;\"><br style=\"font-weight: 400;\" \/><br style=\"font-weight: 400;\" \/><\/p>[\/et_pb_text][\/et_pb_column][\/et_pb_row][\/et_pb_section][et_pb_section fb_built=&#8221;1&#8243; admin_label=&#8221;Services&#8221; _builder_version=&#8221;4.24.2&#8243; _module_preset=&#8221;default&#8221; background_color=&#8221;#0c71c3&#8243; background_enable_mask_style=&#8221;on&#8221; background_mask_style=&#8221;diagonal-pills&#8221; background_mask_color=&#8221;RGBA(255,255,255,0)&#8221; collapsed=&#8221;on&#8221; global_colors_info=&#8221;{}&#8221;][et_pb_row column_structure=&#8221;1_2,1_2&#8243; _builder_version=&#8221;4.24.2&#8243; _module_preset=&#8221;default&#8221; global_colors_info=&#8221;{}&#8221;][et_pb_column type=&#8221;1_2&#8243; _builder_version=&#8221;4.24.2&#8243; _module_preset=&#8221;default&#8221; animation_style=&#8221;fade&#8221; animation_duration=&#8221;900ms&#8221; global_colors_info=&#8221;{}&#8221;][et_pb_text _builder_version=&#8221;4.24.2&#8243; _module_preset=&#8221;default&#8221; global_colors_info=&#8221;{}&#8221;]<h1 class=\"et_pb_module_heading et-fb-editable-element et-fb-editable-element__editing\" data-shortcode-id=\"2.0.1.0-1709212413889\" data-quickaccess-id=\"title\" contenteditable=\"true\"><span style=\"color: #d6d6d6;\"><strong>Misi\u00f3n<\/strong><\/span><\/h1>\n<p style=\"text-align: justify;\"><span style=\"color: #d6d6d6;\"><strong>Contribuir con el desarrollo tecnol\u00f3gico, investigativo y\/o productivo de las empresas y diversas instituciones gubernamentales, acad\u00e9micas e investigativas del pa\u00eds o el exterior, por medio de un portafolio robusto de productos y servicios, y una gesti\u00f3n de excelente calidad que garanticen la completa satisfacci\u00f3n de nuestros clientes. De esta forma, buscamos convertirnos en el mejor aliado para su empresa al ser un canal de acceso a los mejores recursos en tecnolog\u00eda, capacitaci\u00f3n y dotaci\u00f3n de laboratorios en diversas \u00e1reas, de manera que pueda evidenciar mejores resultados y alta efectividad en sus procesos.<\/strong><\/span><\/p>[\/et_pb_text][\/et_pb_column][et_pb_column type=&#8221;1_2&#8243; _builder_version=&#8221;4.24.2&#8243; _module_preset=&#8221;default&#8221; animation_style=&#8221;fade&#8221; animation_duration=&#8221;750ms&#8221; global_colors_info=&#8221;{}&#8221;][et_pb_text _builder_version=&#8221;4.24.2&#8243; _module_preset=&#8221;default&#8221; custom_padding=&#8221;|||0px||&#8221; global_colors_info=&#8221;{}&#8221;]<h1 class=\"et_pb_module_heading et-fb-editable-element et-fb-editable-element__editing\" data-shortcode-id=\"2.0.1.0-1709212413889\" data-quickaccess-id=\"title\" contenteditable=\"true\"><span style=\"color: #d6d6d6;\"><strong>Visi\u00f3n<\/strong><\/span><\/h1>\n<p style=\"text-align: justify;\"><span style=\"color: #d6d6d6;\"><strong>Consolidarnos como una empresa de gran credibilidad y reconocimiento en el asesoramiento, suministro y soporte t\u00e9cnico de la Instrumentaci\u00f3n anal\u00edtica a nivel p\u00fablico y privado en las diferentes regiones del pa\u00eds. Seremos una empresa que cuente con el respaldo y reconocimiento de las entidades m\u00e1s influyentes en la investigaci\u00f3n e industria Colombiana, con un equipo de trabajo comprometido y eficaz para dar soluci\u00f3n a las necesidades de nuestros clientes.<\/strong><\/span><\/p>[\/et_pb_text][\/et_pb_column][\/et_pb_row][\/et_pb_section][et_pb_section fb_built=&#8221;1&#8243; admin_label=&#8221;Services&#8221; _builder_version=&#8221;4.24.2&#8243; _module_preset=&#8221;default&#8221; background_color=&#8221;rgba(12,113,195,0.16)&#8221; collapsed=&#8221;on&#8221; global_colors_info=&#8221;{}&#8221;][et_pb_row _builder_version=&#8221;4.24.2&#8243; _module_preset=&#8221;default&#8221; global_colors_info=&#8221;{}&#8221;][et_pb_column type=&#8221;4_4&#8243; _builder_version=&#8221;4.24.2&#8243; _module_preset=&#8221;default&#8221; global_colors_info=&#8221;{}&#8221;][et_pb_heading title=&#8221;Pol\u00edtica de calidad y valores&#8221; _builder_version=&#8221;4.24.2&#8243; _module_preset=&#8221;default&#8221; global_colors_info=&#8221;{}&#8221;][\/et_pb_heading][et_pb_text _builder_version=&#8221;4.24.2&#8243; _module_preset=&#8221;default&#8221; global_colors_info=&#8221;{}&#8221;]<p style=\"text-align: justify;\"><span style=\"color: #000000;\">Nuestra prioridad es responder efectiva y oportunamente las necesidades de nuestros clientes, buscando la mejor soluci\u00f3n en tecnolog\u00eda y confiabilidad al mejor precio, de forma que puedan considerarnos como socios estrat\u00e9gicos. Nos comprometemos a desarrollar un continuo mejoramiento de nuestros procesos, productos y servicios, por medio de la consolidaci\u00f3n y preparaci\u00f3n de un equipo de trabajo id\u00f3neo y\u00a0 la actualizaci\u00f3n constante en el \u00e1rea corporativa, financiera y tecnol\u00f3gica.\u00a0<\/span><\/p>\n<p><br style=\"font-weight: 400;\" \/><br style=\"font-weight: 400;\" \/><\/p>[\/et_pb_text][\/et_pb_column][\/et_pb_row][et_pb_row column_structure=&#8221;1_5,1_5,1_5,1_5,1_5&#8243; _builder_version=&#8221;4.24.2&#8243; _module_preset=&#8221;default&#8221; global_colors_info=&#8221;{}&#8221;][et_pb_column type=&#8221;1_5&#8243; _builder_version=&#8221;4.24.2&#8243; _module_preset=&#8221;default&#8221; global_colors_info=&#8221;{}&#8221;][et_pb_text _builder_version=&#8221;4.24.2&#8243; _module_preset=&#8221;default&#8221; global_colors_info=&#8221;{}&#8221;]<p><strong>Compromiso<\/strong><\/p>[\/et_pb_text][\/et_pb_column][et_pb_column type=&#8221;1_5&#8243; _builder_version=&#8221;4.24.2&#8243; _module_preset=&#8221;default&#8221; global_colors_info=&#8221;{}&#8221;][et_pb_text _builder_version=&#8221;4.24.2&#8243; _module_preset=&#8221;default&#8221; global_colors_info=&#8221;{}&#8221;]<p><strong>Cumplimiento<\/strong><\/p>[\/et_pb_text][\/et_pb_column][et_pb_column type=&#8221;1_5&#8243; _builder_version=&#8221;4.24.2&#8243; _module_preset=&#8221;default&#8221; global_colors_info=&#8221;{}&#8221;][et_pb_text _builder_version=&#8221;4.24.2&#8243; _module_preset=&#8221;default&#8221; global_colors_info=&#8221;{}&#8221;]<p><strong>Integridad<\/strong><\/p>[\/et_pb_text][\/et_pb_column][et_pb_column type=&#8221;1_5&#8243; _builder_version=&#8221;4.24.2&#8243; _module_preset=&#8221;default&#8221; global_colors_info=&#8221;{}&#8221;][et_pb_text _builder_version=&#8221;4.24.2&#8243; _module_preset=&#8221;default&#8221; global_colors_info=&#8221;{}&#8221;]<p><strong>Calidad<\/strong><\/p>[\/et_pb_text][\/et_pb_column][et_pb_column type=&#8221;1_5&#8243; _builder_version=&#8221;4.24.2&#8243; _module_preset=&#8221;default&#8221; global_colors_info=&#8221;{}&#8221;][et_pb_text _builder_version=&#8221;4.24.2&#8243; _module_preset=&#8221;default&#8221; custom_margin=&#8221;|||-10px||&#8221; global_colors_info=&#8221;{}&#8221;]<p><strong>Honestidad<\/strong><\/p>[\/et_pb_text][\/et_pb_column][\/et_pb_row][\/et_pb_section]\n","protected":false},"excerpt":{"rendered":"<p>Sobre nosotrosFundada en 1998, con el prop\u00f3sito de brindar servicios integrales de alta calidad a toda instituci\u00f3n nacional involucrada con la instrumentaci\u00f3n anal\u00edtica en laboratorios, el control de procesos y el desarrollo investigativo. MAVE nace con la finalidad de impulsar la investigaci\u00f3n y desarrollo del pa\u00eds en diversas industrias, institutos, laboratorios y universidades a trav\u00e9s [&hellip;]<\/p>\n","protected":false},"author":1,"featured_media":0,"parent":0,"menu_order":0,"comment_status":"closed","ping_status":"closed","template":"","meta":{"_et_pb_use_builder":"on","_et_pb_old_content":"<!-- wp:heading {\"level\":1} -->\n<h1 class=\"wp-block-heading\"><strong>MAVE Instrumentaci\u00f3n y Qu\u00edmicos S.A.S.<\/strong><\/h1>\n<!-- \/wp:heading -->\n\n<!-- wp:columns -->\n<div class=\"wp-block-columns\"><!-- wp:column {\"width\":\"100%\"} -->\n<div class=\"wp-block-column\" style=\"flex-basis:100%\"><!-- wp:gallery {\"linkTo\":\"none\"} -->\n<figure class=\"wp-block-gallery has-nested-images columns-default is-cropped\"><!-- wp:image {\"id\":47,\"sizeSlug\":\"large\",\"linkDestination\":\"none\"} -->\n<figure class=\"wp-block-image size-large\"><img src=\"https:\/\/mavecolombia.com\/wp-content\/uploads\/2024\/02\/Medical-1920x800-1-1024x427.jpg\" alt=\"\" class=\"wp-image-47\"\/><\/figure>\n<!-- \/wp:image --><\/figure>\n<!-- \/wp:gallery --><\/div>\n<!-- \/wp:column --><\/div>\n<!-- \/wp:columns -->\n\n<!-- wp:paragraph {\"style\":{\"elements\":{\"link\":{\"color\":{\"text\":\"var:preset|color|contrast\"}}},\"typography\":{\"fontStyle\":\"normal\",\"fontWeight\":\"300\"},\"spacing\":{\"margin\":{\"top\":\"var:preset|spacing|30\",\"bottom\":\"var:preset|spacing|30\"}}},\"textColor\":\"contrast\",\"fontFamily\":\"system-sans-serif\"} -->\n<p class=\"has-contrast-color has-text-color has-link-color has-system-sans-serif-font-family\" style=\"margin-top:var(--wp--preset--spacing--30);margin-bottom:var(--wp--preset--spacing--30);font-style:normal;font-weight:300\"><strong>Fundada en 1998, con el prop\u00f3sito de brindar servicios integrales de alta calidad a toda instituci\u00f3n nacional involucrada con la instrumentaci\u00f3n anal\u00edtica en laboratorios, el control de procesos y el desarrollo investigativo. MAVE nace con la finalidad de impulsar la investigaci\u00f3n y desarrollo del pa\u00eds en diversas industrias, institutos, laboratorios y universidades a trav\u00e9s del aprovisionamiento de equipos e instrumentos de alta tecnolog\u00eda y el servicio de alta calidad en asesor\u00eda y capacitaci\u00f3n.<\/strong><\/p>\n<!-- \/wp:paragraph -->\n\n<!-- wp:paragraph {\"style\":{\"elements\":{\"link\":{\"color\":{\"text\":\"var:preset|color|contrast\"}}},\"typography\":{\"fontStyle\":\"normal\",\"fontWeight\":\"300\"},\"spacing\":{\"margin\":{\"top\":\"var:preset|spacing|30\",\"bottom\":\"var:preset|spacing|30\"}}},\"textColor\":\"contrast\",\"fontFamily\":\"system-sans-serif\"} -->\n<p class=\"has-contrast-color has-text-color has-link-color has-system-sans-serif-font-family\" style=\"margin-top:var(--wp--preset--spacing--30);margin-bottom:var(--wp--preset--spacing--30);font-style:normal;font-weight:300\"><strong>Nuestros servicios incluyen la asesor\u00eda pre-venta en diversas \u00e1reas de la ciencia y la industria, el acompa\u00f1amiento en la adquisici\u00f3n de instrumental y equipos, la instalaci\u00f3n de equipos y capacitaci\u00f3n del personal, el soporte t\u00e9cnico para el desarrollo de m\u00e9todos anal\u00edticos, la calificaci\u00f3n y certificaci\u00f3n de instrumentos con patrones trazables y el servicio t\u00e9cnico en mantenimiento preventivo-correctivo de alta calidad. Ofrecemos variedad de soluciones apoyados en las mejores marcas del mercado.<\/strong><\/p>\n<!-- \/wp:paragraph -->\n\n<!-- wp:paragraph {\"style\":{\"elements\":{\"link\":{\"color\":{\"text\":\"var:preset|color|contrast\"}}},\"typography\":{\"fontStyle\":\"normal\",\"fontWeight\":\"300\"},\"spacing\":{\"margin\":{\"top\":\"var:preset|spacing|30\",\"bottom\":\"var:preset|spacing|30\"}}},\"textColor\":\"contrast\",\"fontFamily\":\"system-sans-serif\"} -->\n<p class=\"has-contrast-color has-text-color has-link-color has-system-sans-serif-font-family\" style=\"margin-top:var(--wp--preset--spacing--30);margin-bottom:var(--wp--preset--spacing--30);font-style:normal;font-weight:300\"><strong>MAVE es representante exclusivo de la marca GBC Scientific en Colombia<\/strong><\/p>\n<!-- \/wp:paragraph -->\n\n<!-- wp:columns -->\n<div class=\"wp-block-columns\"><!-- wp:column -->\n<div class=\"wp-block-column\"><!-- wp:columns -->\n<div class=\"wp-block-columns\"><!-- wp:column -->\n<div class=\"wp-block-column\"><!-- wp:paragraph -->\n<p>Misi\u00f3n<\/p>\n<!-- \/wp:paragraph -->\n\n<!-- wp:paragraph -->\n<p><strong>Contribuir con el desarrollo tecnol\u00f3gico, investigativo y\/o productivo de las empresas y diversas instituciones gubernamentales, acad\u00e9micas e investigativas del pa\u00eds o el exterior, por medio de un portafolio robusto de productos y servicios, y una gesti\u00f3n de excelente calidad que garanticen la completa satisfacci\u00f3n de nuestros clientes. De esta forma, buscamos convertirnos en el mejor aliado para su empresa al ser un canal de acceso a los mejores recursos en tecnolog\u00eda, capacitaci\u00f3n y dotaci\u00f3n de laboratorios en diversas \u00e1reas, de manera que pueda evidenciar mejores resultados y alta efectividad en sus procesos.<\/strong><\/p>\n<!-- \/wp:paragraph --><\/div>\n<!-- \/wp:column -->\n\n<!-- wp:column -->\n<div class=\"wp-block-column\"><!-- wp:paragraph -->\n<p>Visi\u00f3n<\/p>\n<!-- \/wp:paragraph -->\n\n<!-- wp:paragraph -->\n<p><strong>&nbsp;Consolidarnos como una empresa de gran credibilidad y reconocimiento en el asesoramiento, suministro y soporte t\u00e9cnico de la Instrumentaci\u00f3n anal\u00edtica a nivel publico y privado en las diferentes regiones del pa\u00eds. Seremos una empresa que cuente con el respaldo y reconocimiento de las entidades m\u00e1s influyentes en la investigaci\u00f3n e industria Colombiana, con un equipo de trabajo comprometido y eficaz para dar soluci\u00f3n a las necesidades de nuestros cientes.<\/strong><\/p>\n<!-- \/wp:paragraph --><\/div>\n<!-- \/wp:column --><\/div>\n<!-- \/wp:columns --><\/div>\n<!-- \/wp:column --><\/div>\n<!-- \/wp:columns -->\n\n<!-- wp:gallery {\"linkTo\":\"none\"} -->\n<figure class=\"wp-block-gallery has-nested-images columns-default is-cropped\"><!-- wp:image {\"id\":49,\"sizeSlug\":\"full\",\"linkDestination\":\"none\"} -->\n<figure class=\"wp-block-image size-full\"><img src=\"https:\/\/mavecolombia.com\/wp-content\/uploads\/2024\/02\/images.jpeg\" alt=\"\" class=\"wp-image-49\"\/><\/figure>\n<!-- \/wp:image --><\/figure>\n<!-- \/wp:gallery -->\n\n<!-- wp:heading -->\n<h2 class=\"wp-block-heading\">Pol\u00edtica de calidad y valores<\/h2>\n<!-- \/wp:heading -->\n\n<!-- wp:paragraph -->\n<p><strong>Nuestra prioridad es responder efectiva y oportunamente las necesidades de nuestros clientes, buscando la mejor soluci\u00f3n en tecnolog\u00eda y confiabilidad al mejor precio, de forma que puedan considerarnos como socios estrat\u00e9gicos. Nos comprometemos a desarrollar un continuo mejoramiento de nuestros procesos, productos y servicios, por medio de la consolidaci\u00f3n y preparaci\u00f3n de un equipo de trabajo id\u00f3neo y&nbsp; la actualizaci\u00f3n constante en el \u00e1rea corporativa, financiera y tecnol\u00f3gica.&nbsp;<\/strong><\/p>\n<!-- \/wp:paragraph -->\n\n<!-- wp:paragraph -->\n<p><strong>Defendemos los siguientes valores:<\/strong><\/p>\n<!-- \/wp:paragraph -->\n\n<!-- wp:list -->\n<ul><!-- wp:list-item -->\n<li><strong>Cumplimiento<\/strong><\/li>\n<!-- \/wp:list-item -->\n\n<!-- wp:list-item -->\n<li><strong>Compromiso<\/strong><\/li>\n<!-- \/wp:list-item -->\n\n<!-- wp:list-item -->\n<li><strong>Integridad<\/strong><\/li>\n<!-- \/wp:list-item -->\n\n<!-- wp:list-item -->\n<li><strong>Calidad<\/strong><\/li>\n<!-- \/wp:list-item -->\n\n<!-- wp:list-item -->\n<li><strong>Honestidad<\/strong><\/li>\n<!-- \/wp:list-item --><\/ul>\n<!-- \/wp:list -->","_et_gb_content_width":"","om_disable_all_campaigns":false,"_monsterinsights_skip_tracking":false,"_monsterinsights_sitenote_active":false,"_monsterinsights_sitenote_note":"","_monsterinsights_sitenote_category":0,"_uf_show_specific_survey":0,"_uf_disable_surveys":false,"footnotes":""},"class_list":["post-14","page","type-page","status-publish","hentry"],"aioseo_notices":[],"_links":{"self":[{"href":"https:\/\/mavecolombia.com\/index.php\/wp-json\/wp\/v2\/pages\/14"}],"collection":[{"href":"https:\/\/mavecolombia.com\/index.php\/wp-json\/wp\/v2\/pages"}],"about":[{"href":"https:\/\/mavecolombia.com\/index.php\/wp-json\/wp\/v2\/types\/page"}],"author":[{"embeddable":true,"href":"https:\/\/mavecolombia.com\/index.php\/wp-json\/wp\/v2\/users\/1"}],"replies":[{"embeddable":true,"href":"https:\/\/mavecolombia.com\/index.php\/wp-json\/wp\/v2\/comments?post=14"}],"version-history":[{"count":23,"href":"https:\/\/mavecolombia.com\/index.php\/wp-json\/wp\/v2\/pages\/14\/revisions"}],"predecessor-version":[{"id":1223,"href":"https:\/\/mavecolombia.com\/index.php\/wp-json\/wp\/v2\/pages\/14\/revisions\/1223"}],"wp:attachment":[{"href":"https:\/\/mavecolombia.com\/index.php\/wp-json\/wp\/v2\/media?parent=14"}],"curies":[{"name":"wp","href":"https:\/\/api.w.org\/{rel}","templated":true}]}}