{"id":20,"date":"2024-02-28T23:15:55","date_gmt":"2024-02-28T23:15:55","guid":{"rendered":"https:\/\/mavecolombia.com\/?page_id=20"},"modified":"2024-05-21T18:57:29","modified_gmt":"2024-05-21T18:57:29","slug":"contacto","status":"publish","type":"page","link":"https:\/\/mavecolombia.com\/index.php\/contacto\/","title":{"rendered":"Contacto"},"content":{"rendered":"<p>[et_pb_section fb_built=&#8221;1&#8243; admin_label=&#8221;Header&#8221; _builder_version=&#8221;4.24.2&#8243; _module_preset=&#8221;default&#8221; background_image=&#8221;https:\/\/mavecolombia.com\/wp-content\/uploads\/2024\/03\/Mave-logo-sin-fondo.jpg&#8221; background_size=&#8221;custom&#8221; background_image_width=&#8221;29%&#8221; background_enable_mask_style=&#8221;on&#8221; background_mask_style=&#8221;triangles&#8221; background_mask_color=&#8221;rgba(102,152,193,0.75)&#8221; locked=&#8221;off&#8221; collapsed=&#8221;on&#8221; global_colors_info=&#8221;{}&#8221;][et_pb_row _builder_version=&#8221;4.24.2&#8243; _module_preset=&#8221;default&#8221; global_colors_info=&#8221;{}&#8221;][et_pb_column type=&#8221;4_4&#8243; _builder_version=&#8221;4.24.2&#8243; _module_preset=&#8221;default&#8221; custom_padding_tablet=&#8221;||0px||false|false&#8221; custom_padding_phone=&#8221;||0vw||false|false&#8221; custom_padding_last_edited=&#8221;off|desktop&#8221; global_colors_info=&#8221;{}&#8221;][et_pb_text _builder_version=&#8221;4.22.1&#8243; _module_preset=&#8221;20f91423-467d-4c2c-940a-71889d97ae1f&#8221; custom_padding=&#8221;|0px||||&#8221; global_colors_info=&#8221;{}&#8221;]<\/p>\n<h1><strong><span style=\"font-size: xx-large;\">Cont\u00e1ctanos<\/span><\/strong><\/h1>\n<p>[\/et_pb_text][et_pb_blurb title=&#8221;301 418 2558&#8243; use_icon=&#8221;on&#8221; font_icon=&#8221;&#xf879;||fa||900&#8243; icon_color=&#8221;#d6d6d6&#8243; image_icon_background_color=&#8221;#0C71C3&#8243; image_icon_width=&#8221;16px&#8221; _builder_version=&#8221;4.24.2&#8243; _module_preset=&#8221;4c031852-9826-4e12-af97-0e734a8516a8&#8243; image_icon_custom_padding=&#8221;16px|16px|16px|16px|true|true&#8221; border_radii_image=&#8221;on|30px|30px|30px|30px&#8221; global_colors_info=&#8221;{}&#8221;]<\/p>\n<p><span style=\"color: #000000;\">Ll\u00e1manos<\/span><\/p>\n<p>[\/et_pb_blurb][et_pb_blurb title=&#8221;318 7173133&#8243; use_icon=&#8221;on&#8221; font_icon=&#8221;&#xf879;||fa||900&#8243; icon_color=&#8221;#d6d6d6&#8243; image_icon_background_color=&#8221;#0C71C3&#8243; image_icon_width=&#8221;16px&#8221; _builder_version=&#8221;4.24.2&#8243; _module_preset=&#8221;4c031852-9826-4e12-af97-0e734a8516a8&#8243; image_icon_custom_padding=&#8221;16px|16px|16px|16px|true|true&#8221; width=&#8221;76.4%&#8221; custom_padding=&#8221;0px|213px||||&#8221; border_radii_image=&#8221;on|30px|30px|30px|30px&#8221; locked=&#8221;off&#8221; global_colors_info=&#8221;{}&#8221;]<\/p>\n<p><span style=\"color: #000000;\">Ll\u00e1manos o escr\u00edbenos <\/span><\/p>\n<p>[\/et_pb_blurb][et_pb_blurb title=&#8221;ventas1@mavecolombia.com&#8221; use_icon=&#8221;on&#8221; font_icon=&#8221;&#xf0e0;||fa||900&#8243; icon_color=&#8221;#D6D6D6&#8243; image_icon_background_color=&#8221;#0C71C3&#8243; image_icon_width=&#8221;16px&#8221; _builder_version=&#8221;4.24.2&#8243; _module_preset=&#8221;4c031852-9826-4e12-af97-0e734a8516a8&#8243; image_icon_custom_padding=&#8221;16px|16px|16px|16px|true|true&#8221; border_radii_image=&#8221;on|30px|30px|30px|30px&#8221; global_colors_info=&#8221;{}&#8221;][\/et_pb_blurb][et_pb_blurb title=&#8221;Direcci\u00f3n &#8221; use_icon=&#8221;on&#8221; font_icon=&#8221;&#xf5a0;||fa||900&#8243; icon_color=&#8221;#D6D6D6&#8243; image_icon_background_color=&#8221;#0C71C3&#8243; image_icon_width=&#8221;16px&#8221; _builder_version=&#8221;4.24.2&#8243; _module_preset=&#8221;4c031852-9826-4e12-af97-0e734a8516a8&#8243; image_icon_custom_padding=&#8221;16px|16px|16px|16px|true|true&#8221; border_radii_image=&#8221;on|30px|30px|30px|30px&#8221; global_colors_info=&#8221;{}&#8221;]<\/p>\n<p><span style=\"color: #000000;\">Calle75A # 78 -11 (Piso 1). Bogot\u00e1, Colombia.<\/span><\/p>\n<p>[\/et_pb_blurb][et_pb_blurb title=&#8221;Horarios de atenci\u00f3n&#8221; use_icon=&#8221;on&#8221; font_icon=&#8221;&#xf5a0;||fa||900&#8243; icon_color=&#8221;#D6D6D6&#8243; image_icon_background_color=&#8221;#0C71C3&#8243; image_icon_width=&#8221;16px&#8221; _builder_version=&#8221;4.24.2&#8243; _module_preset=&#8221;4c031852-9826-4e12-af97-0e734a8516a8&#8243; image_icon_custom_padding=&#8221;16px|16px|16px|16px|true|true&#8221; border_radii_image=&#8221;on|30px|30px|30px|30px&#8221; global_colors_info=&#8221;{}&#8221;]<\/p>\n<p style=\"text-align: justify;\"><span style=\"color: #000000;\">Lunes a Viernes: 8am &#8211; 6pm.<\/span><\/p>\n<p><span style=\"color: #000000;\">S\u00e1bado: Cita previa<\/span><\/p>\n<p><span style=\"color: #000000;\">Domingo: Cerrado<\/span><\/p>\n<p>[\/et_pb_blurb][\/et_pb_column][\/et_pb_row][et_pb_row _builder_version=&#8221;4.24.2&#8243; _module_preset=&#8221;default&#8221; global_colors_info=&#8221;{}&#8221;][et_pb_column type=&#8221;4_4&#8243; _builder_version=&#8221;4.24.2&#8243; _module_preset=&#8221;default&#8221; global_colors_info=&#8221;{}&#8221;][et_pb_social_media_follow _builder_version=&#8221;4.24.2&#8243; _module_preset=&#8221;default&#8221; global_colors_info=&#8221;{}&#8221;][et_pb_social_media_follow_network social_network=&#8221;linkedin&#8221; url=&#8221;https:\/\/www.linkedin.com\/in\/mave-colombia-960903302\/&#8221; _builder_version=&#8221;4.24.2&#8243; _module_preset=&#8221;default&#8221; background_color=&#8221;#007bb6&#8243; global_colors_info=&#8221;{}&#8221; follow_button=&#8221;off&#8221; url_new_window=&#8221;on&#8221;]linkedin[\/et_pb_social_media_follow_network][et_pb_social_media_follow_network social_network=&#8221;instagram&#8221; url=&#8221;https:\/\/www.instagram.com\/mavecolombia\/&#8221; _builder_version=&#8221;4.24.2&#8243; _module_preset=&#8221;default&#8221; background_color=&#8221;#ea2c59&#8243; global_colors_info=&#8221;{}&#8221; follow_button=&#8221;off&#8221; url_new_window=&#8221;on&#8221;]instagram[\/et_pb_social_media_follow_network][\/et_pb_social_media_follow][\/et_pb_column][\/et_pb_row][\/et_pb_section][et_pb_section fb_built=&#8221;1&#8243; theme_builder_area=&#8221;post_content&#8221; specialty=&#8221;on&#8221; _builder_version=&#8221;4.24.2&#8243; _module_preset=&#8221;default&#8221; custom_margin=&#8221;-54px||-39px|||&#8221; custom_padding=&#8221;0px|||||&#8221;][et_pb_column type=&#8221;3_4&#8243; specialty_columns=&#8221;3&#8243; theme_builder_area=&#8221;post_content&#8221;][et_pb_row_inner _builder_version=&#8221;4.24.2&#8243; _module_preset=&#8221;default&#8221; theme_builder_area=&#8221;post_content&#8221; hover_enabled=&#8221;0&#8243; sticky_enabled=&#8221;0&#8243;][et_pb_column_inner saved_specialty_column_type=&#8221;3_4&#8243; _builder_version=&#8221;4.24.2&#8243; _module_preset=&#8221;default&#8221; theme_builder_area=&#8221;post_content&#8221;][et_pb_toggle title=&#8221;\u00bfDonde puedo conocer los precios de los equipos?&#8221; _builder_version=&#8221;4.24.2&#8243; _module_preset=&#8221;default&#8221; theme_builder_area=&#8221;post_content&#8221; hover_enabled=&#8221;0&#8243; sticky_enabled=&#8221;0&#8243; open_toggle_background_color=&#8221;rgba(86,167,221,0.29)&#8221;]<\/p>\n<p>Nuestros equipos son equipos de importaci\u00f3n, por lo tanto, est\u00e1n sujetos a la TRM del d\u00eda y a la disponibilidad en fabrica. Es as\u00ed como para prestar un servicio de calidad es necesario hacer una cotizaci\u00f3n o llamar a nuestras l\u00edneas de atenci\u00f3n personalizada.<\/p>\n<p>[\/et_pb_toggle][et_pb_toggle title=&#8221;\u00bfBrindan asesor\u00eda para elegir el equipo correcto?&#8221; _builder_version=&#8221;4.24.2&#8243; _module_preset=&#8221;default&#8221; theme_builder_area=&#8221;post_content&#8221; hover_enabled=&#8221;0&#8243; sticky_enabled=&#8221;0&#8243; open_toggle_background_color=&#8221;rgba(86,167,221,0.29)&#8221;]<\/p>\n<p>S\u00ed, nuestro esquipo de expertos puede asesorarte. Desde las marcas m\u00e1s competitivas, costos por equipo, especificaciones del equipo y m\u00e1s.<\/p>\n<p>[\/et_pb_toggle][\/et_pb_column_inner][\/et_pb_row_inner][et_pb_row_inner _builder_version=&#8221;4.24.2&#8243; _module_preset=&#8221;default&#8221; theme_builder_area=&#8221;post_content&#8221; hover_enabled=&#8221;0&#8243; sticky_enabled=&#8221;0&#8243;][et_pb_column_inner saved_specialty_column_type=&#8221;3_4&#8243; _builder_version=&#8221;4.24.2&#8243; _module_preset=&#8221;default&#8221; theme_builder_area=&#8221;post_content&#8221;][et_pb_toggle title=&#8221;\u00bfRealizan \u00fanicamente la entrega del equipo o tambi\u00e9n brindan instalaci\u00f3n y capacitaci\u00f3n?&#8221; _builder_version=&#8221;4.24.2&#8243; _module_preset=&#8221;default&#8221; theme_builder_area=&#8221;post_content&#8221; hover_enabled=&#8221;0&#8243; sticky_enabled=&#8221;0&#8243; open_toggle_background_color=&#8221;rgba(86,167,221,0.29)&#8221;]<\/p>\n<p>Nuestros equipos no solo se entregan en el destino solicitado, sino que tambi\u00e9n se realiza la instalaci\u00f3n y capacitaci\u00f3n a los usuarios en el lugar que disponga el cliente.\u00a0<\/p>\n<p>[\/et_pb_toggle][et_pb_toggle title=&#8221;\u00bfLos equipos cuentan con garant\u00eda?&#8221; _builder_version=&#8221;4.24.2&#8243; _module_preset=&#8221;default&#8221; theme_builder_area=&#8221;post_content&#8221; hover_enabled=&#8221;0&#8243; sticky_enabled=&#8221;0&#8243; open_toggle_background_color=&#8221;rgba(86,167,221,0.29)&#8221;]<\/p>\n<p>S\u00ed, nuestros equipos se entregan con garant\u00eda de m\u00ednimo un a\u00f1o. Exceptuando a los equipos consumibles, estos no cuentan con garant\u00eda.\u00a0<\/p>\n<p>[\/et_pb_toggle][\/et_pb_column_inner][\/et_pb_row_inner][et_pb_row_inner _builder_version=&#8221;4.24.2&#8243; _module_preset=&#8221;default&#8221; theme_builder_area=&#8221;post_content&#8221; hover_enabled=&#8221;0&#8243; sticky_enabled=&#8221;0&#8243;][et_pb_column_inner saved_specialty_column_type=&#8221;3_4&#8243; _builder_version=&#8221;4.24.2&#8243; _module_preset=&#8221;default&#8221; theme_builder_area=&#8221;post_content&#8221;][et_pb_toggle title=&#8221;\u00bfCuentan con experiencia en el manejo, capacitaci\u00f3n e instalaci\u00f3n de equipos anal\u00edticos especializados en cromatograf\u00eda y espectrofotometr\u00eda?&#8221; _builder_version=&#8221;4.24.2&#8243; _module_preset=&#8221;default&#8221; theme_builder_area=&#8221;post_content&#8221; hover_enabled=&#8221;0&#8243; sticky_enabled=&#8221;0&#8243; open_toggle_background_color=&#8221;rgba(86,167,221,0.29)&#8221;]<\/p>\n<p>S\u00ed, MAVE INSTRUMENTACI\u00d3N Y QU\u00cdMICOS cuenta con una trayectoria en el mercado de m\u00e1s de 25 a\u00f1os en el manejo de mantenimiento preventivo, asistencia, mantenimiento correctivo, instalaci\u00f3n de m\u00e9todos, curvas de calibraci\u00f3n, capacitaci\u00f3n y entrenamiento en las t\u00e9cnicas de estos equipos especializados.\u00a0<\/p>\n<p>[\/et_pb_toggle][et_pb_toggle title=&#8221;\u00bfRealizan env\u00edos a otras ciudades del pa\u00eds?&#8221; _builder_version=&#8221;4.24.2&#8243; _module_preset=&#8221;default&#8221; theme_builder_area=&#8221;post_content&#8221; hover_enabled=&#8221;0&#8243; sticky_enabled=&#8221;0&#8243; open_toggle_background_color=&#8221;rgba(86,167,221,0.29)&#8221;]<\/p>\n<p>S\u00ed, realizamos env\u00edos a todas las ciudades del pa\u00eds, as\u00ed como tambi\u00e9n env\u00edos internacionales.\u00a0<\/p>\n<p>[\/et_pb_toggle][\/et_pb_column_inner][\/et_pb_row_inner][\/et_pb_column][et_pb_column type=&#8221;1_4&#8243; theme_builder_area=&#8221;post_content&#8221;][et_pb_image src=&#8221;https:\/\/mavecolombia.com\/wp-content\/uploads\/2024\/05\/therapy-47.jpg&#8221; _builder_version=&#8221;4.24.2&#8243; _module_preset=&#8221;default&#8221; theme_builder_area=&#8221;post_content&#8221; title_text=&#8221;therapy-47&#8243; hover_enabled=&#8221;0&#8243; sticky_enabled=&#8221;0&#8243;][\/et_pb_image][et_pb_heading title=&#8221;FAQ Preguntas Frecuentes&#8221; _builder_version=&#8221;4.24.2&#8243; _module_preset=&#8221;default&#8221; theme_builder_area=&#8221;post_content&#8221; hover_enabled=&#8221;0&#8243; sticky_enabled=&#8221;0&#8243; title_text_shadow_style=&#8221;preset1&#8243; title_text_shadow_color=&#8221;rgba(30,30,30,0.4)&#8221; text_shadow_style=&#8221;preset1&#8243; text_shadow_color=&#8221;#000000&#8243;][\/et_pb_heading][\/et_pb_column][\/et_pb_section][et_pb_section fb_built=&#8221;1&#8243; admin_label=&#8221;Contact Form&#8221; _builder_version=&#8221;4.22.1&#8243; _module_preset=&#8221;default&#8221; min_height=&#8221;721.5px&#8221; locked=&#8221;off&#8221; collapsed=&#8221;on&#8221; global_colors_info=&#8221;{}&#8221;][et_pb_row _builder_version=&#8221;4.22.1&#8243; _module_preset=&#8221;default&#8221; global_colors_info=&#8221;{}&#8221;][et_pb_column type=&#8221;4_4&#8243; _builder_version=&#8221;4.22.1&#8243; _module_preset=&#8221;default&#8221; global_colors_info=&#8221;{}&#8221;][et_pb_text _builder_version=&#8221;4.22.1&#8243; _module_preset=&#8221;3549f7d7-650e-4dd3-b7f2-af853c988e44&#8243; text_orientation=&#8221;center&#8221; global_colors_info=&#8221;{}&#8221;]<\/p>\n<h2>D\u00e9janos un mensaje<\/h2>\n<p>[\/et_pb_text][et_pb_contact_form captcha=&#8221;off&#8221; email=&#8221;ventas1@mavecolombia.com&#8221; _builder_version=&#8221;4.24.2&#8243; _module_preset=&#8221;bb23307a-cf7e-4a57-a0a2-a147369f3de9&#8243; button_text_color=&#8221;#0C71C3&#8243; button_bg_color=&#8221;rgba(12,113,195,0.3)&#8221; button_icon=&#8221;&#x5a;||divi||400&#8243; button_icon_color=&#8221;#0C71C3&#8243; locked=&#8221;off&#8221; global_colors_info=&#8221;{%22gcid-aa58ace8-f27f-4d3e-bff4-606cd9606937%22:%91%22box_shadow_color%22,%22box_shadow_color_button%22,%22box_shadow_color%22,%22box_shadow_color_button%22,%22box_shadow_color_button%22,%22box_shadow_color_button%22%93}&#8221;][et_pb_contact_field field_id=&#8221;Nombre_de_empresa_o_instituci\u00f3n&#8221; field_title=&#8221;Nombre de empresa o instituci\u00f3n&#8221; fullwidth_field=&#8221;on&#8221; _builder_version=&#8221;4.24.2&#8243; _module_preset=&#8221;default&#8221; global_colors_info=&#8221;{}&#8221;][\/et_pb_contact_field][et_pb_contact_field field_id=&#8221;Nombre&#8221; field_title=&#8221;Nombre&#8221; fullwidth_field=&#8221;on&#8221; _builder_version=&#8221;4.24.2&#8243; _module_preset=&#8221;default&#8221; global_colors_info=&#8221;{}&#8221; button_text_size__hover_enabled=&#8221;off&#8221; button_one_text_size__hover_enabled=&#8221;off&#8221; button_two_text_size__hover_enabled=&#8221;off&#8221; button_text_color__hover_enabled=&#8221;off&#8221; button_one_text_color__hover_enabled=&#8221;off&#8221; button_two_text_color__hover_enabled=&#8221;off&#8221; button_border_width__hover_enabled=&#8221;off&#8221; button_one_border_width__hover_enabled=&#8221;off&#8221; button_two_border_width__hover_enabled=&#8221;off&#8221; button_border_color__hover_enabled=&#8221;off&#8221; button_one_border_color__hover_enabled=&#8221;off&#8221; button_two_border_color__hover_enabled=&#8221;off&#8221; button_border_radius__hover_enabled=&#8221;off&#8221; button_one_border_radius__hover_enabled=&#8221;off&#8221; button_two_border_radius__hover_enabled=&#8221;off&#8221; button_letter_spacing__hover_enabled=&#8221;off&#8221; button_one_letter_spacing__hover_enabled=&#8221;off&#8221; button_two_letter_spacing__hover_enabled=&#8221;off&#8221; button_bg_color__hover_enabled=&#8221;off&#8221; button_one_bg_color__hover_enabled=&#8221;off&#8221; button_two_bg_color__hover_enabled=&#8221;off&#8221;][\/et_pb_contact_field][et_pb_contact_field field_id=&#8221;Correo_electr\u00f3nico&#8221; field_title=&#8221;Correo electr\u00f3nico&#8221; field_type=&#8221;email&#8221; fullwidth_field=&#8221;on&#8221; _builder_version=&#8221;4.24.2&#8243; _module_preset=&#8221;default&#8221; global_colors_info=&#8221;{}&#8221; button_text_size__hover_enabled=&#8221;off&#8221; button_one_text_size__hover_enabled=&#8221;off&#8221; button_two_text_size__hover_enabled=&#8221;off&#8221; button_text_color__hover_enabled=&#8221;off&#8221; button_one_text_color__hover_enabled=&#8221;off&#8221; button_two_text_color__hover_enabled=&#8221;off&#8221; button_border_width__hover_enabled=&#8221;off&#8221; button_one_border_width__hover_enabled=&#8221;off&#8221; button_two_border_width__hover_enabled=&#8221;off&#8221; button_border_color__hover_enabled=&#8221;off&#8221; button_one_border_color__hover_enabled=&#8221;off&#8221; button_two_border_color__hover_enabled=&#8221;off&#8221; button_border_radius__hover_enabled=&#8221;off&#8221; button_one_border_radius__hover_enabled=&#8221;off&#8221; button_two_border_radius__hover_enabled=&#8221;off&#8221; button_letter_spacing__hover_enabled=&#8221;off&#8221; button_one_letter_spacing__hover_enabled=&#8221;off&#8221; button_two_letter_spacing__hover_enabled=&#8221;off&#8221; button_bg_color__hover_enabled=&#8221;off&#8221; button_one_bg_color__hover_enabled=&#8221;off&#8221; button_two_bg_color__hover_enabled=&#8221;off&#8221;][\/et_pb_contact_field][et_pb_contact_field field_id=&#8221;Mensaje&#8221; field_title=&#8221;Mensaje&#8221; field_type=&#8221;text&#8221; fullwidth_field=&#8221;on&#8221; _builder_version=&#8221;4.24.2&#8243; _module_preset=&#8221;default&#8221; global_colors_info=&#8221;{}&#8221; button_text_size__hover_enabled=&#8221;off&#8221; button_one_text_size__hover_enabled=&#8221;off&#8221; button_two_text_size__hover_enabled=&#8221;off&#8221; button_text_color__hover_enabled=&#8221;off&#8221; button_one_text_color__hover_enabled=&#8221;off&#8221; button_two_text_color__hover_enabled=&#8221;off&#8221; button_border_width__hover_enabled=&#8221;off&#8221; button_one_border_width__hover_enabled=&#8221;off&#8221; button_two_border_width__hover_enabled=&#8221;off&#8221; button_border_color__hover_enabled=&#8221;off&#8221; button_one_border_color__hover_enabled=&#8221;off&#8221; button_two_border_color__hover_enabled=&#8221;off&#8221; button_border_radius__hover_enabled=&#8221;off&#8221; button_one_border_radius__hover_enabled=&#8221;off&#8221; button_two_border_radius__hover_enabled=&#8221;off&#8221; button_letter_spacing__hover_enabled=&#8221;off&#8221; button_one_letter_spacing__hover_enabled=&#8221;off&#8221; button_two_letter_spacing__hover_enabled=&#8221;off&#8221; button_bg_color__hover_enabled=&#8221;off&#8221; button_one_bg_color__hover_enabled=&#8221;off&#8221; button_two_bg_color__hover_enabled=&#8221;off&#8221;][\/et_pb_contact_field][\/et_pb_contact_form][\/et_pb_column][\/et_pb_row][\/et_pb_section]<\/p>\n","protected":false},"excerpt":{"rendered":"<p>Cont\u00e1ctanosLl\u00e1manosLl\u00e1manos o escr\u00edbenos Calle75A # 78 -11 (Piso 1). Bogot\u00e1, Colombia.Lunes a Viernes: 8am &#8211; 6pm. S\u00e1bado: Cita previa Domingo: CerradoNuestros equipos son equipos de importaci\u00f3n, por lo tanto, est\u00e1n sujetos a la TRM del d\u00eda y a la disponibilidad en fabrica. Es as\u00ed como para prestar un servicio de calidad es necesario hacer una [&hellip;]<\/p>\n","protected":false},"author":1,"featured_media":0,"parent":0,"menu_order":0,"comment_status":"closed","ping_status":"closed","template":"","meta":{"_et_pb_use_builder":"on","_et_pb_old_content":"","_et_gb_content_width":"","om_disable_all_campaigns":false,"_monsterinsights_skip_tracking":false,"_monsterinsights_sitenote_active":false,"_monsterinsights_sitenote_note":"","_monsterinsights_sitenote_category":0,"_uf_show_specific_survey":0,"_uf_disable_surveys":false,"footnotes":""},"class_list":["post-20","page","type-page","status-publish","hentry"],"aioseo_notices":[],"_links":{"self":[{"href":"https:\/\/mavecolombia.com\/index.php\/wp-json\/wp\/v2\/pages\/20"}],"collection":[{"href":"https:\/\/mavecolombia.com\/index.php\/wp-json\/wp\/v2\/pages"}],"about":[{"href":"https:\/\/mavecolombia.com\/index.php\/wp-json\/wp\/v2\/types\/page"}],"author":[{"embeddable":true,"href":"https:\/\/mavecolombia.com\/index.php\/wp-json\/wp\/v2\/users\/1"}],"replies":[{"embeddable":true,"href":"https:\/\/mavecolombia.com\/index.php\/wp-json\/wp\/v2\/comments?post=20"}],"version-history":[{"count":30,"href":"https:\/\/mavecolombia.com\/index.php\/wp-json\/wp\/v2\/pages\/20\/revisions"}],"predecessor-version":[{"id":1337,"href":"https:\/\/mavecolombia.com\/index.php\/wp-json\/wp\/v2\/pages\/20\/revisions\/1337"}],"wp:attachment":[{"href":"https:\/\/mavecolombia.com\/index.php\/wp-json\/wp\/v2\/media?parent=20"}],"curies":[{"name":"wp","href":"https:\/\/api.w.org\/{rel}","templated":true}]}}