{"id":586,"date":"2024-03-06T00:41:58","date_gmt":"2024-03-06T00:41:58","guid":{"rendered":"https:\/\/mavecolombia.com\/?page_id=586"},"modified":"2024-05-22T18:05:28","modified_gmt":"2024-05-22T18:05:28","slug":"analizadores-de-impacto","status":"publish","type":"page","link":"https:\/\/mavecolombia.com\/index.php\/analizadores-de-impacto\/","title":{"rendered":"Analizadores de Impacto"},"content":{"rendered":"\n[et_pb_section fb_built=&#8221;1&#8243; admin_label=&#8221;Header&#8221; _builder_version=&#8221;4.22.1&#8243; _module_preset=&#8221;default&#8221; custom_padding=&#8221;||0px||false|false&#8221; collapsed=&#8221;on&#8221; global_colors_info=&#8221;{}&#8221;][et_pb_row _builder_version=&#8221;4.22.1&#8243; _module_preset=&#8221;default&#8221; max_width=&#8221;1280px&#8221; global_colors_info=&#8221;{}&#8221;][et_pb_column type=&#8221;4_4&#8243; _builder_version=&#8221;4.22.1&#8243; _module_preset=&#8221;default&#8221; global_colors_info=&#8221;{}&#8221;][et_pb_text _builder_version=&#8221;4.24.2&#8243; _module_preset=&#8221;0e841176-886b-4720-8ac8-05f76a477ba6&#8243; header_text_color=&#8221;#000000&#8243; custom_margin=&#8221;||10px||false|false&#8221; locked=&#8221;off&#8221; global_colors_info=&#8221;{}&#8221;]<h1 style=\"text-align: center;\">Analizadores de impacto<\/h1>[\/et_pb_text][\/et_pb_column][\/et_pb_row][\/et_pb_section][et_pb_section fb_built=&#8221;1&#8243; _builder_version=&#8221;4.24.2&#8243; _module_preset=&#8221;default&#8221; custom_margin=&#8221;-62px||-55px|||&#8221; custom_padding=&#8221;0px||0px|||&#8221; global_colors_info=&#8221;{}&#8221;][\/et_pb_section][et_pb_section fb_built=&#8221;1&#8243; admin_label=&#8221;Services&#8221; _builder_version=&#8221;4.22.1&#8243; _module_preset=&#8221;default&#8221; min_height=&#8221;618.6px&#8221; custom_padding=&#8221;0px|||||&#8221; collapsed=&#8221;on&#8221; global_colors_info=&#8221;{}&#8221;][et_pb_row column_structure=&#8221;1_3,1_3,1_3&#8243; use_custom_gutter=&#8221;on&#8221; gutter_width=&#8221;2&#8243; custom_padding_last_edited=&#8221;on|tablet&#8221; _builder_version=&#8221;4.24.2&#8243; _module_preset=&#8221;default&#8221; max_width=&#8221;1280px&#8221; custom_margin=&#8221;-24px|auto||auto||&#8221; custom_padding=&#8221;||20px||false|false&#8221; custom_padding_tablet=&#8221;||0px||false|false&#8221; custom_padding_phone=&#8221;||0px||false|false&#8221; locked=&#8221;off&#8221; global_colors_info=&#8221;{}&#8221;][et_pb_column type=&#8221;1_3&#8243; _builder_version=&#8221;4.24.2&#8243; _module_preset=&#8221;default&#8221; use_background_color_gradient=&#8221;on&#8221; background_color_gradient_direction=&#8221;90deg&#8221; background_color_gradient_stops=&#8221;rgba(0,0,0,0.8) 0%|rgba(255,255,255,0) 100%&#8221; background_color_gradient_overlays_image=&#8221;on&#8221; background_image=&#8221;https:\/\/mavecolombia.com\/wp-content\/uploads\/2024\/03\/R-1.jpg&#8221; custom_padding=&#8221;20%|40px|40px|40px|false|true&#8221; custom_padding_tablet=&#8221;|30px|30px|30px|false|true&#8221; custom_padding_phone=&#8221;|20px|20px|20px|false|true&#8221; custom_padding_last_edited=&#8221;on|tablet&#8221; link_option_url=&#8221;https:\/\/mavecolombia.com\/index.php\/contacto\/&#8221; global_colors_info=&#8221;{%22gcid-0a41bebc-0107-48f7-8173-6190cad71074%22:%91%22background_color_gradient_stops%22%93,%22gcid-fb7185f0-febc-426c-87a9-b6e9798849ab%22:%91%22background_color_gradient_stops%22%93}&#8221; background__hover_enabled=&#8221;on|hover&#8221; background_color_gradient_stops__hover=&#8221;#8c8eff 0%|rgba(255,255,255,0) 100%&#8221; use_background_color_gradient__hover=&#8221;on&#8221;][et_pb_text _builder_version=&#8221;4.24.2&#8243; _module_preset=&#8221;9bd55fca-af53-4673-bf54-ee3cb4485028&#8243; header_3_text_color=&#8221;#FFFFFF&#8221; custom_margin=&#8221;||0px||false|false&#8221; global_colors_info=&#8221;{}&#8221;]<h3>SERIE ict-xju\/xjj<\/h3>[\/et_pb_text][et_pb_icon font_icon=&#8221;&#x24;||divi||400&#8243; icon_color=&#8221;#FFFFFF&#8221; url=&#8221;https:\/\/mavecolombia.com\/index.php\/contacto\/&#8221; align=&#8221;left&#8221; _builder_version=&#8221;4.24.2&#8243; _module_preset=&#8221;default&#8221; global_colors_info=&#8221;{}&#8221;][\/et_pb_icon][\/et_pb_column][et_pb_column type=&#8221;1_3&#8243; _builder_version=&#8221;4.24.2&#8243; _module_preset=&#8221;default&#8221; use_background_color_gradient=&#8221;on&#8221; background_color_gradient_direction=&#8221;90deg&#8221; background_color_gradient_stops=&#8221;rgba(0,0,0,0.8) 0%|rgba(255,255,255,0) 100%&#8221; background_color_gradient_overlays_image=&#8221;on&#8221; background_image=&#8221;https:\/\/mavecolombia.com\/wp-content\/uploads\/2024\/03\/ITD_Series_Impact_Testers.jpg&#8221; custom_padding=&#8221;20%|40px|40px|40px|false|true&#8221; custom_padding_tablet=&#8221;|30px|30px|30px|false|true&#8221; custom_padding_phone=&#8221;|20px|20px|20px|false|true&#8221; custom_padding_last_edited=&#8221;on|tablet&#8221; link_option_url=&#8221;https:\/\/mavecolombia.com\/index.php\/contacto\/&#8221; global_colors_info=&#8221;{%22gcid-0a41bebc-0107-48f7-8173-6190cad71074%22:%91%22background_color_gradient_stops%22%93,%22gcid-fb7185f0-febc-426c-87a9-b6e9798849ab%22:%91%22background_color_gradient_stops%22%93}&#8221; background__hover_enabled=&#8221;on|hover&#8221; background_color_gradient_stops__hover=&#8221;#8c8eff 0%|rgba(255,255,255,0) 100%&#8221; use_background_color_gradient__hover=&#8221;on&#8221;][et_pb_text _builder_version=&#8221;4.24.2&#8243; _module_preset=&#8221;9bd55fca-af53-4673-bf54-ee3cb4485028&#8243; header_3_text_color=&#8221;#FFFFFF&#8221; custom_margin=&#8221;||0px||false|false&#8221; global_colors_info=&#8221;{}&#8221;]<h3>serie itd<\/h3>[\/et_pb_text][et_pb_icon font_icon=&#8221;&#x24;||divi||400&#8243; icon_color=&#8221;#FFFFFF&#8221; url=&#8221;https:\/\/mavecolombia.com\/index.php\/contacto\/&#8221; align=&#8221;left&#8221; _builder_version=&#8221;4.24.2&#8243; _module_preset=&#8221;default&#8221; global_colors_info=&#8221;{}&#8221;][\/et_pb_icon][\/et_pb_column][et_pb_column type=&#8221;1_3&#8243; _builder_version=&#8221;4.24.2&#8243; _module_preset=&#8221;default&#8221; use_background_color_gradient=&#8221;on&#8221; background_color_gradient_direction=&#8221;90deg&#8221; background_color_gradient_stops=&#8221;rgba(0,0,0,0.8) 0%|rgba(255,255,255,0) 100%&#8221; background_color_gradient_overlays_image=&#8221;on&#8221; background_image=&#8221;https:\/\/mavecolombia.com\/wp-content\/uploads\/2024\/03\/WDS-D.jpg&#8221; custom_padding=&#8221;20%|40px|40px|40px|false|true&#8221; custom_padding_tablet=&#8221;|30px|30px|30px|false|true&#8221; custom_padding_phone=&#8221;|20px|20px|20px|false|true&#8221; custom_padding_last_edited=&#8221;on|tablet&#8221; link_option_url=&#8221;https:\/\/mavecolombia.com\/index.php\/contacto\/&#8221; global_colors_info=&#8221;{%22gcid-0a41bebc-0107-48f7-8173-6190cad71074%22:%91%22background_color_gradient_stops%22%93,%22gcid-fb7185f0-febc-426c-87a9-b6e9798849ab%22:%91%22background_color_gradient_stops%22%93}&#8221; background__hover_enabled=&#8221;on|hover&#8221; background_color_gradient_stops__hover=&#8221;#8c8eff 0%|rgba(255,255,255,0) 100%&#8221; use_background_color_gradient__hover=&#8221;on&#8221;][et_pb_text _builder_version=&#8221;4.24.2&#8243; _module_preset=&#8221;9bd55fca-af53-4673-bf54-ee3cb4485028&#8243; header_3_text_color=&#8221;#FFFFFF&#8221; custom_margin=&#8221;||0px||false|false&#8221; global_colors_info=&#8221;{}&#8221;]<h3><span>WDS-5D<\/span><\/h3>[\/et_pb_text][et_pb_icon font_icon=&#8221;&#x24;||divi||400&#8243; icon_color=&#8221;#FFFFFF&#8221; url=&#8221;https:\/\/mavecolombia.com\/index.php\/contacto\/&#8221; align=&#8221;left&#8221; _builder_version=&#8221;4.24.2&#8243; _module_preset=&#8221;default&#8221; global_colors_info=&#8221;{}&#8221;][\/et_pb_icon][\/et_pb_column][\/et_pb_row][et_pb_row column_structure=&#8221;1_3,1_3,1_3&#8243; _builder_version=&#8221;4.24.2&#8243; _module_preset=&#8221;default&#8221; custom_padding=&#8221;|||0px||&#8221; global_colors_info=&#8221;{}&#8221;][et_pb_column type=&#8221;1_3&#8243; _builder_version=&#8221;4.24.2&#8243; _module_preset=&#8221;default&#8221; global_colors_info=&#8221;{}&#8221;][et_pb_text _builder_version=&#8221;4.24.2&#8243; _module_preset=&#8221;default&#8221; custom_padding=&#8221;|20px||||&#8221; global_colors_info=&#8221;{}&#8221;]<p style=\"text-align: justify;\">La serie ITC-XJ de analizadores de impacto computarizados viene con el \u00faltimo paso en la toma y control de datos. Estos equipos, son desarrollados en capacidades de 5 Joules, 5,5 J, 22 J, 25 J y 50 J. La serie XJU est\u00e1 dise\u00f1ado para los an\u00e1lisis Izod y el modelo XJJ para los an\u00e1lisis IZOD y CHARPY.<\/p>[\/et_pb_text][\/et_pb_column][et_pb_column type=&#8221;1_3&#8243; _builder_version=&#8221;4.24.2&#8243; _module_preset=&#8221;default&#8221; global_colors_info=&#8221;{}&#8221;][et_pb_text _builder_version=&#8221;4.24.2&#8243; _module_preset=&#8221;default&#8221; global_colors_info=&#8221;{}&#8221;]<p style=\"text-align: justify;\">Los analizadores de impacto, de serie ITD, cuentan con una pantalla LCD, donde se muestran los resultados de la prueba, en este modelo el p\u00e9ndulo se eleva y se activa autom\u00e1ticamente, gracias a que posee un control remoto que maneja dichos procesos<\/p>[\/et_pb_text][\/et_pb_column][et_pb_column type=&#8221;1_3&#8243; _builder_version=&#8221;4.24.2&#8243; _module_preset=&#8221;default&#8221; global_colors_info=&#8221;{}&#8221;][et_pb_text _builder_version=&#8221;4.24.2&#8243; _module_preset=&#8221;default&#8221; width=&#8221;99.4%&#8221; custom_margin=&#8221;|||17px||&#8221; global_colors_info=&#8221;{}&#8221;]<p style=\"text-align: justify;\">Estos modelos WDS-5D est\u00e1n dise\u00f1ados para la prueba de impacto para varios tipos de ferritas, especialmente en las tuber\u00edas de acero. La unidad est\u00e1 equipada con diferentes tipos de yunques que permiten realizar otros tipos de pruebas de impacto de acuerdo a la petici\u00f3n de los clientes especiales.<\/p>[\/et_pb_text][\/et_pb_column][\/et_pb_row][\/et_pb_section]\n","protected":false},"excerpt":{"rendered":"<p>Analizadores de impactoSERIE ict-xju\/xjjserie itdWDS-5DLa serie ITC-XJ de analizadores de impacto computarizados viene con el \u00faltimo paso en la toma y control de datos. Estos equipos, son desarrollados en capacidades de 5 Joules, 5,5 J, 22 J, 25 J y 50 J. La serie XJU est\u00e1 dise\u00f1ado para los an\u00e1lisis Izod y el modelo XJJ [&hellip;]<\/p>\n","protected":false},"author":2,"featured_media":0,"parent":0,"menu_order":0,"comment_status":"closed","ping_status":"closed","template":"","meta":{"_et_pb_use_builder":"on","_et_pb_old_content":"","_et_gb_content_width":"","om_disable_all_campaigns":false,"_monsterinsights_skip_tracking":false,"_monsterinsights_sitenote_active":false,"_monsterinsights_sitenote_note":"","_monsterinsights_sitenote_category":0,"_uf_show_specific_survey":0,"_uf_disable_surveys":false,"footnotes":""},"class_list":["post-586","page","type-page","status-publish","hentry"],"aioseo_notices":[],"_links":{"self":[{"href":"https:\/\/mavecolombia.com\/index.php\/wp-json\/wp\/v2\/pages\/586"}],"collection":[{"href":"https:\/\/mavecolombia.com\/index.php\/wp-json\/wp\/v2\/pages"}],"about":[{"href":"https:\/\/mavecolombia.com\/index.php\/wp-json\/wp\/v2\/types\/page"}],"author":[{"embeddable":true,"href":"https:\/\/mavecolombia.com\/index.php\/wp-json\/wp\/v2\/users\/2"}],"replies":[{"embeddable":true,"href":"https:\/\/mavecolombia.com\/index.php\/wp-json\/wp\/v2\/comments?post=586"}],"version-history":[{"count":8,"href":"https:\/\/mavecolombia.com\/index.php\/wp-json\/wp\/v2\/pages\/586\/revisions"}],"predecessor-version":[{"id":1230,"href":"https:\/\/mavecolombia.com\/index.php\/wp-json\/wp\/v2\/pages\/586\/revisions\/1230"}],"wp:attachment":[{"href":"https:\/\/mavecolombia.com\/index.php\/wp-json\/wp\/v2\/media?parent=586"}],"curies":[{"name":"wp","href":"https:\/\/api.w.org\/{rel}","templated":true}]}}