{"id":604,"date":"2024-03-06T00:46:08","date_gmt":"2024-03-06T00:46:08","guid":{"rendered":"https:\/\/mavecolombia.com\/?page_id=604"},"modified":"2024-05-22T18:33:11","modified_gmt":"2024-05-22T18:33:11","slug":"soluciones-digitales","status":"publish","type":"page","link":"https:\/\/mavecolombia.com\/index.php\/soluciones-digitales\/","title":{"rendered":"Soluciones digitales"},"content":{"rendered":"\n[et_pb_section fb_built=&#8221;1&#8243; admin_label=&#8221;Header&#8221; _builder_version=&#8221;4.22.1&#8243; _module_preset=&#8221;default&#8221; custom_padding=&#8221;||0px||false|false&#8221; collapsed=&#8221;on&#8221; global_colors_info=&#8221;{}&#8221;][et_pb_row _builder_version=&#8221;4.22.1&#8243; _module_preset=&#8221;default&#8221; max_width=&#8221;1280px&#8221; global_colors_info=&#8221;{}&#8221;][et_pb_column type=&#8221;4_4&#8243; _builder_version=&#8221;4.22.1&#8243; _module_preset=&#8221;default&#8221; global_colors_info=&#8221;{}&#8221;][et_pb_text _builder_version=&#8221;4.24.2&#8243; _module_preset=&#8221;0e841176-886b-4720-8ac8-05f76a477ba6&#8243; header_text_color=&#8221;#000000&#8243; custom_margin=&#8221;||10px||false|false&#8221; locked=&#8221;off&#8221; global_colors_info=&#8221;{}&#8221;]<h1 style=\"text-align: center;\">Analizadores de impacto<\/h1>[\/et_pb_text][\/et_pb_column][\/et_pb_row][\/et_pb_section][et_pb_section fb_built=&#8221;1&#8243; _builder_version=&#8221;4.24.2&#8243; _module_preset=&#8221;default&#8221; custom_margin=&#8221;-62px||-55px|||&#8221; custom_padding=&#8221;0px||0px|||&#8221; global_colors_info=&#8221;{}&#8221;][\/et_pb_section][et_pb_section fb_built=&#8221;1&#8243; admin_label=&#8221;Services&#8221; _builder_version=&#8221;4.22.1&#8243; _module_preset=&#8221;default&#8221; min_height=&#8221;618.6px&#8221; custom_padding=&#8221;0px|||||&#8221; hover_enabled=&#8221;0&#8243; collapsed=&#8221;on&#8221; global_colors_info=&#8221;{}&#8221; sticky_enabled=&#8221;0&#8243;][et_pb_row column_structure=&#8221;1_3,1_3,1_3&#8243; use_custom_gutter=&#8221;on&#8221; gutter_width=&#8221;2&#8243; custom_padding_last_edited=&#8221;on|tablet&#8221; _builder_version=&#8221;4.24.2&#8243; _module_preset=&#8221;default&#8221; max_width=&#8221;1280px&#8221; custom_margin=&#8221;-24px|auto||auto||&#8221; custom_padding=&#8221;||20px||false|false&#8221; custom_padding_tablet=&#8221;||0px||false|false&#8221; custom_padding_phone=&#8221;||0px||false|false&#8221; locked=&#8221;off&#8221; global_colors_info=&#8221;{}&#8221;][et_pb_column type=&#8221;1_3&#8243; _builder_version=&#8221;4.24.2&#8243; _module_preset=&#8221;default&#8221; use_background_color_gradient=&#8221;on&#8221; background_color_gradient_direction=&#8221;90deg&#8221; background_color_gradient_stops=&#8221;rgba(0,0,0,0.8) 0%|rgba(255,255,255,0) 100%&#8221; background_color_gradient_overlays_image=&#8221;on&#8221; background_image=&#8221;https:\/\/mavecolombia.com\/wp-content\/uploads\/2024\/03\/TMHB-SM.webp&#8221; custom_padding=&#8221;20%|40px|40px|40px|false|true&#8221; custom_padding_tablet=&#8221;|30px|30px|30px|false|true&#8221; custom_padding_phone=&#8221;|20px|20px|20px|false|true&#8221; custom_padding_last_edited=&#8221;on|tablet&#8221; global_colors_info=&#8221;{%22gcid-0a41bebc-0107-48f7-8173-6190cad71074%22:%91%22background_color_gradient_stops%22%93,%22gcid-fb7185f0-febc-426c-87a9-b6e9798849ab%22:%91%22background_color_gradient_stops%22%93}&#8221; background__hover_enabled=&#8221;on|hover&#8221; background_color_gradient_stops__hover=&#8221;#8c8eff 0%|rgba(255,255,255,0) 100%&#8221; use_background_color_gradient__hover=&#8221;on&#8221;][et_pb_text _builder_version=&#8221;4.24.2&#8243; _module_preset=&#8221;9bd55fca-af53-4673-bf54-ee3cb4485028&#8243; header_3_text_color=&#8221;#FFFFFF&#8221; custom_margin=&#8221;||0px||false|false&#8221; global_colors_info=&#8221;{}&#8221;]<h3>BIMS<\/h3>[\/et_pb_text][et_pb_icon font_icon=&#8221;&#x24;||divi||400&#8243; icon_color=&#8221;#FFFFFF&#8221; url=&#8221;https:\/\/mavecolombia.com\/index.php\/contacto\/&#8221; align=&#8221;left&#8221; _builder_version=&#8221;4.24.2&#8243; _module_preset=&#8221;default&#8221; global_colors_info=&#8221;{}&#8221;][\/et_pb_icon][\/et_pb_column][et_pb_column type=&#8221;1_3&#8243; _builder_version=&#8221;4.24.2&#8243; _module_preset=&#8221;default&#8221; use_background_color_gradient=&#8221;on&#8221; background_color_gradient_direction=&#8221;90deg&#8221; background_color_gradient_stops=&#8221;rgba(0,0,0,0.8) 0%|rgba(255,255,255,0) 100%&#8221; background_color_gradient_overlays_image=&#8221;on&#8221; background_image=&#8221;https:\/\/mavecolombia.com\/wp-content\/uploads\/2024\/03\/R-6.jpg&#8221; custom_padding=&#8221;20%|40px|40px|40px|false|true&#8221; custom_padding_tablet=&#8221;|30px|30px|30px|false|true&#8221; custom_padding_phone=&#8221;|20px|20px|20px|false|true&#8221; custom_padding_last_edited=&#8221;on|tablet&#8221; global_colors_info=&#8221;{%22gcid-0a41bebc-0107-48f7-8173-6190cad71074%22:%91%22background_color_gradient_stops%22%93,%22gcid-fb7185f0-febc-426c-87a9-b6e9798849ab%22:%91%22background_color_gradient_stops%22%93}&#8221; background__hover_enabled=&#8221;on|hover&#8221; background_color_gradient_stops__hover=&#8221;#8c8eff 0%|rgba(255,255,255,0) 100%&#8221; use_background_color_gradient__hover=&#8221;on&#8221;][et_pb_text _builder_version=&#8221;4.24.2&#8243; _module_preset=&#8221;9bd55fca-af53-4673-bf54-ee3cb4485028&#8243; header_3_text_color=&#8221;#FFFFFF&#8221; custom_margin=&#8221;||0px||false|false&#8221; global_colors_info=&#8221;{}&#8221;]<h3>LYNX<\/h3>[\/et_pb_text][et_pb_icon font_icon=&#8221;&#x24;||divi||400&#8243; icon_color=&#8221;#FFFFFF&#8221; url=&#8221;https:\/\/mavecolombia.com\/index.php\/contacto\/&#8221; align=&#8221;left&#8221; _builder_version=&#8221;4.24.2&#8243; _module_preset=&#8221;default&#8221; global_colors_info=&#8221;{}&#8221;][\/et_pb_icon][\/et_pb_column][et_pb_column type=&#8221;1_3&#8243; _builder_version=&#8221;4.24.2&#8243; _module_preset=&#8221;default&#8221; use_background_color_gradient=&#8221;on&#8221; background_color_gradient_direction=&#8221;90deg&#8221; background_color_gradient_stops=&#8221;rgba(0,0,0,0.8) 0%|rgba(255,255,255,0) 100%&#8221; background_color_gradient_overlays_image=&#8221;on&#8221; background_image=&#8221;https:\/\/mavecolombia.com\/wp-content\/uploads\/2024\/03\/FALCON.jpg&#8221; custom_padding=&#8221;20%|40px|40px|40px|false|true&#8221; custom_padding_tablet=&#8221;|30px|30px|30px|false|true&#8221; custom_padding_phone=&#8221;|20px|20px|20px|false|true&#8221; custom_padding_last_edited=&#8221;on|tablet&#8221; global_colors_info=&#8221;{%22gcid-0a41bebc-0107-48f7-8173-6190cad71074%22:%91%22background_color_gradient_stops%22%93,%22gcid-fb7185f0-febc-426c-87a9-b6e9798849ab%22:%91%22background_color_gradient_stops%22%93}&#8221; background__hover_enabled=&#8221;on|hover&#8221; background_color_gradient_stops__hover=&#8221;#8c8eff 0%|rgba(255,255,255,0) 100%&#8221; use_background_color_gradient__hover=&#8221;on&#8221;][et_pb_text _builder_version=&#8221;4.24.2&#8243; _module_preset=&#8221;9bd55fca-af53-4673-bf54-ee3cb4485028&#8243; header_3_text_color=&#8221;#FFFFFF&#8221; custom_margin=&#8221;||0px||false|false&#8221; global_colors_info=&#8221;{}&#8221;]<h3>FALCON<\/h3>[\/et_pb_text][et_pb_icon font_icon=&#8221;&#x24;||divi||400&#8243; icon_color=&#8221;#FFFFFF&#8221; url=&#8221;https:\/\/mavecolombia.com\/index.php\/contacto\/&#8221; align=&#8221;left&#8221; _builder_version=&#8221;4.24.2&#8243; _module_preset=&#8221;default&#8221; global_colors_info=&#8221;{}&#8221;][\/et_pb_icon][\/et_pb_column][\/et_pb_row][et_pb_row column_structure=&#8221;1_3,1_3,1_3&#8243; _builder_version=&#8221;4.24.2&#8243; _module_preset=&#8221;default&#8221; custom_padding=&#8221;|||0px||&#8221; global_colors_info=&#8221;{}&#8221;][et_pb_column type=&#8221;1_3&#8243; _builder_version=&#8221;4.24.2&#8243; _module_preset=&#8221;default&#8221; global_colors_info=&#8221;{}&#8221;][et_pb_text _builder_version=&#8221;4.24.2&#8243; _module_preset=&#8221;default&#8221; custom_padding=&#8221;|20px||||&#8221; global_colors_info=&#8221;{}&#8221;]<p style=\"text-align: justify;\">Brinell Impression Measuring System (BIMS) es un microscopio autom\u00e1tico utilizado para medir la dureza Rockwell. Es muy \u00fatil para eliminar errores asociados al operador. El software especializado da repetibilidad y fiabilidad en salmuera. El rango de medidas que se pueden medir con este instrumento es de 1, 2 y 3 mm en adelante. Este microscopio se utiliza para medir la dureza Brinell directamente en la m\u00e1quina.<\/p>[\/et_pb_text][\/et_pb_column][et_pb_column type=&#8221;1_3&#8243; _builder_version=&#8221;4.24.2&#8243; _module_preset=&#8221;default&#8221; global_colors_info=&#8221;{}&#8221;][et_pb_text _builder_version=&#8221;4.24.2&#8243; _module_preset=&#8221;default&#8221; global_colors_info=&#8221;{}&#8221;]<p style=\"text-align: justify;\">El sistema LYNX incluye, un ordenador port\u00e1til, un microscopio (de tipo LYNX o instalado en el dur\u00f3metro) , 2 controles remotos, el software y hardware de funcionamiento, 4 metros de cable de conexi\u00f3n blindado a la c\u00e1mara, 2 metros de cable de conexi\u00f3n a la c\u00e1mara, un bloque de prueba con 5 muescas.<\/p>[\/et_pb_text][\/et_pb_column][et_pb_column type=&#8221;1_3&#8243; _builder_version=&#8221;4.24.2&#8243; _module_preset=&#8221;default&#8221; global_colors_info=&#8221;{}&#8221;][et_pb_text _builder_version=&#8221;4.24.2&#8243; _module_preset=&#8221;default&#8221; header_font_size=&#8221;29px&#8221; text_orientation=&#8221;justified&#8221; width=&#8221;97.9%&#8221; module_alignment=&#8221;center&#8221; custom_margin=&#8221;|||17px||&#8221; text_font_size_tablet=&#8221;&#8221; text_font_size_phone=&#8221;&#8221; text_font_size_last_edited=&#8221;on|phone&#8221; global_colors_info=&#8221;{}&#8221;]<p style=\"text-align: justify;\">Este equipo viene con un sistema integrado de un microscopio y una pantalla digital, por lo tanto no es necesario el uso de un computador ya que dentro de este compacto equipo viene instalado su software de an\u00e1lisis. El equipo. incluye un bloque de prueba con 5 identaciones, 1 CD de software para conexi\u00f3n a un computador<\/p>[\/et_pb_text][\/et_pb_column][\/et_pb_row][et_pb_row column_structure=&#8221;1_2,1_2&#8243; use_custom_gutter=&#8221;on&#8221; gutter_width=&#8221;2&#8243; custom_padding_last_edited=&#8221;on|tablet&#8221; _builder_version=&#8221;4.24.2&#8243; _module_preset=&#8221;default&#8221; max_width=&#8221;1280px&#8221; custom_margin=&#8221;-24px|auto||auto||&#8221; custom_padding=&#8221;||20px||false|false&#8221; custom_padding_tablet=&#8221;||0px||false|false&#8221; custom_padding_phone=&#8221;||0px||false|false&#8221; locked=&#8221;off&#8221; global_colors_info=&#8221;{}&#8221;][et_pb_column type=&#8221;1_2&#8243; _builder_version=&#8221;4.24.2&#8243; _module_preset=&#8221;default&#8221; use_background_color_gradient=&#8221;on&#8221; background_color_gradient_direction=&#8221;90deg&#8221; background_color_gradient_stops=&#8221;rgba(0,0,0,0.8) 0%|rgba(255,255,255,0) 100%&#8221; background_color_gradient_overlays_image=&#8221;on&#8221; background_image=&#8221;https:\/\/mavecolombia.com\/wp-content\/uploads\/2024\/03\/R-7.jpg&#8221; custom_padding=&#8221;20%|40px|40px|40px|false|true&#8221; custom_padding_tablet=&#8221;|30px|30px|30px|false|true&#8221; custom_padding_phone=&#8221;|20px|20px|20px|false|true&#8221; custom_padding_last_edited=&#8221;on|tablet&#8221; global_colors_info=&#8221;{%22gcid-0a41bebc-0107-48f7-8173-6190cad71074%22:%91%22background_color_gradient_stops%22%93,%22gcid-fb7185f0-febc-426c-87a9-b6e9798849ab%22:%91%22background_color_gradient_stops%22%93}&#8221; background__hover_enabled=&#8221;on|hover&#8221; background_color_gradient_stops__hover=&#8221;#8c8eff 0%|rgba(255,255,255,0) 100%&#8221; use_background_color_gradient__hover=&#8221;on&#8221;][et_pb_text _builder_version=&#8221;4.24.2&#8243; _module_preset=&#8221;9bd55fca-af53-4673-bf54-ee3cb4485028&#8243; header_3_text_color=&#8221;#FFFFFF&#8221; custom_margin=&#8221;||0px||false|false&#8221; global_colors_info=&#8221;{}&#8221;]<h3>otros equipos e instrumentos de laboratorio<\/h3>[\/et_pb_text][et_pb_icon font_icon=&#8221;&#x24;||divi||400&#8243; icon_color=&#8221;#FFFFFF&#8221; url=&#8221;https:\/\/mavecolombia.com\/index.php\/contacto\/&#8221; align=&#8221;left&#8221; _builder_version=&#8221;4.24.2&#8243; _module_preset=&#8221;default&#8221; global_colors_info=&#8221;{}&#8221;][\/et_pb_icon][\/et_pb_column][et_pb_column type=&#8221;1_2&#8243; _builder_version=&#8221;4.24.2&#8243; _module_preset=&#8221;default&#8221; background_enable_image=&#8221;off&#8221; custom_padding=&#8221;20%|40px|40px|40px|false|true&#8221; custom_padding_tablet=&#8221;|30px|30px|30px|false|true&#8221; custom_padding_phone=&#8221;|20px|20px|20px|false|true&#8221; custom_padding_last_edited=&#8221;on|tablet&#8221; global_colors_info=&#8221;{%22gcid-0a41bebc-0107-48f7-8173-6190cad71074%22:%91%22background_color_gradient_stops%22%93,%22gcid-fb7185f0-febc-426c-87a9-b6e9798849ab%22:%91%22background_color_gradient_stops%22%93}&#8221; background__hover_enabled=&#8221;on|hover&#8221; background_color_gradient_stops__hover=&#8221;#8c8eff 0%|rgba(255,255,255,0) 100%&#8221; use_background_color_gradient__hover=&#8221;on&#8221;][et_pb_text _builder_version=&#8221;4.24.2&#8243; _module_preset=&#8221;default&#8221; custom_padding=&#8221;|20px||||&#8221; global_colors_info=&#8221;{}&#8221;]<ul>\n<li>PH metros<\/li>\n<li>Conduct\u00edmetros<\/li>\n<li>Autoclaves<\/li>\n<li>Incubadoras<\/li>\n<li>Hornos\/muflas<\/li>\n<li>Cabinas<\/li>\n<li>Accesorios y consumibles \u00a0\u00a0<\/li>\n<li>Otros<\/li>\n<\/ul>[\/et_pb_text][\/et_pb_column][\/et_pb_row][\/et_pb_section]\n","protected":false},"excerpt":{"rendered":"<p>Analizadores de impactoBIMSLYNXFALCONBrinell Impression Measuring System (BIMS) es un microscopio autom\u00e1tico utilizado para medir la dureza Rockwell. Es muy \u00fatil para eliminar errores asociados al operador. El software especializado da repetibilidad y fiabilidad en salmuera. El rango de medidas que se pueden medir con este instrumento es de 1, 2 y 3 mm en adelante. [&hellip;]<\/p>\n","protected":false},"author":2,"featured_media":0,"parent":0,"menu_order":0,"comment_status":"closed","ping_status":"closed","template":"","meta":{"_et_pb_use_builder":"on","_et_pb_old_content":"","_et_gb_content_width":"","om_disable_all_campaigns":false,"_monsterinsights_skip_tracking":false,"_monsterinsights_sitenote_active":false,"_monsterinsights_sitenote_note":"","_monsterinsights_sitenote_category":0,"_uf_show_specific_survey":0,"_uf_disable_surveys":false,"footnotes":""},"class_list":["post-604","page","type-page","status-publish","hentry"],"aioseo_notices":[],"_links":{"self":[{"href":"https:\/\/mavecolombia.com\/index.php\/wp-json\/wp\/v2\/pages\/604"}],"collection":[{"href":"https:\/\/mavecolombia.com\/index.php\/wp-json\/wp\/v2\/pages"}],"about":[{"href":"https:\/\/mavecolombia.com\/index.php\/wp-json\/wp\/v2\/types\/page"}],"author":[{"embeddable":true,"href":"https:\/\/mavecolombia.com\/index.php\/wp-json\/wp\/v2\/users\/2"}],"replies":[{"embeddable":true,"href":"https:\/\/mavecolombia.com\/index.php\/wp-json\/wp\/v2\/comments?post=604"}],"version-history":[{"count":8,"href":"https:\/\/mavecolombia.com\/index.php\/wp-json\/wp\/v2\/pages\/604\/revisions"}],"predecessor-version":[{"id":1227,"href":"https:\/\/mavecolombia.com\/index.php\/wp-json\/wp\/v2\/pages\/604\/revisions\/1227"}],"wp:attachment":[{"href":"https:\/\/mavecolombia.com\/index.php\/wp-json\/wp\/v2\/media?parent=604"}],"curies":[{"name":"wp","href":"https:\/\/api.w.org\/{rel}","templated":true}]}}